{"id":34,"date":"2011-10-12T19:15:26","date_gmt":"2011-10-12T17:15:26","guid":{"rendered":"http:\/\/localhost:8888\/sejonssons\/?page_id=34"},"modified":"2026-02-18T08:55:55","modified_gmt":"2026-02-18T07:55:55","slug":"kontakt","status":"publish","type":"page","link":"https:\/\/www.sejonssonsab.se\/?page_id=34","title":{"rendered":"Kontakt"},"content":{"rendered":"<div><iframe loading=\"lazy\" style=\"float: right;\" src=\"http:\/\/maps.google.se\/maps?f=q&amp;source=s_q&amp;hl=sv&amp;geocode=&amp;q=Vannh%C3%B6gsgatan+9,+Trelleborg&amp;aq=0&amp;sll=61.606396,21.225586&amp;sspn=34.583491,85.341797&amp;vpsrc=6&amp;ie=UTF8&amp;hq=&amp;hnear=Vannh%C3%B6gsgatan+9,+231+66+Trelleborg,+Sk%C3%A5ne+L%C3%A4n&amp;t=h&amp;ll=55.38779,13.145142&amp;spn=0.023402,0.054932&amp;z=14&amp;iwloc=A&amp;output=embed\" width=\"640\" height=\"480\" frameborder=\"0\" marginwidth=\"0\" marginheight=\"0\" scrolling=\"no\"><\/iframe><br \/>\n<small><a style=\"color: #0000ff; text-align: left;\" href=\"http:\/\/maps.google.se\/maps?f=q&amp;source=embed&amp;hl=sv&amp;geocode=&amp;q=Vannh%C3%B6gsgatan+9,+Trelleborg&amp;aq=0&amp;sll=61.606396,21.225586&amp;sspn=34.583491,85.341797&amp;vpsrc=6&amp;ie=UTF8&amp;hq=&amp;hnear=Vannh%C3%B6gsgatan+9,+231+66+Trelleborg,+Sk%C3%A5ne+L%C3%A4n&amp;t=h&amp;ll=55.38779,13.145142&amp;spn=0.023402,0.054932&amp;z=14&amp;iwloc=A\">Visa st\u00f6rre karta<\/a><\/small><\/div>\n<p><strong>H\u00e5kan J\u00f6nsson<\/strong>, telefon: 0709-764901<br \/>\nVerksamhetsansvarig<\/p>\n<p><strong>Jesper Nilsson<\/strong>,&nbsp;telefon: 0709-764937<br \/>\nAnsvarig f\u00f6r tr\u00e4df\u00e4llning\/gr\u00f6nytor<\/p>\n<p><strong>Kontorsadress:<\/strong><br \/>\nSE J\u00f6nssons Maskinstation AB<br \/>\nVannh\u00f6gsgatan 9<br \/>\n231 66 TRELLEBORG<br \/>\nTelefon: 0709-764901<\/p>\n<p><strong>Bes\u00f6ks- och leveransadress:&nbsp;<\/strong><br \/>\nSE J\u00f6nssons Maskinstation AB<br \/>\n\u00d6stra V\u00e4rlinge Byav\u00e4g 36-0<br \/>\n231 94 TRELLEBORG<\/p>\n<p>E-mailadress:&nbsp;<a href=\"mailto:info@sejonssonsab.se\">info@sejonssonsab.se<\/a><\/p>\n","protected":false},"excerpt":{"rendered":"<p>Visa st\u00f6rre karta H\u00e5kan J\u00f6nsson, telefon: 0709-764901 Verksamhetsansvarig Jesper Nilsson,&nbsp;telefon: 0709-764937 Ansvarig f\u00f6r tr\u00e4df\u00e4llning\/gr\u00f6nytor Kontorsadress: SE J\u00f6nssons Maskinstation AB Vannh\u00f6gsgatan 9 231 66 TRELLEBORG Telefon: 0709-764901 Bes\u00f6ks- och leveransadress:&nbsp; SE J\u00f6nssons Maskinstation AB \u00d6stra V\u00e4rlinge Byav\u00e4g 36-0 231 94 TRELLEBORG &hellip; <a href=\"https:\/\/www.sejonssonsab.se\/?page_id=34\">Forts\u00e4tt l\u00e4sa <span class=\"meta-nav\">&rarr;<\/span><\/a><\/p>\n","protected":false},"author":1,"featured_media":0,"parent":0,"menu_order":0,"comment_status":"closed","ping_status":"closed","template":"generic-page.php","meta":{"ngg_post_thumbnail":0,"footnotes":""},"class_list":["post-34","page","type-page","status-publish","hentry"],"_links":{"self":[{"href":"https:\/\/www.sejonssonsab.se\/index.php?rest_route=\/wp\/v2\/pages\/34","targetHints":{"allow":["GET"]}}],"collection":[{"href":"https:\/\/www.sejonssonsab.se\/index.php?rest_route=\/wp\/v2\/pages"}],"about":[{"href":"https:\/\/www.sejonssonsab.se\/index.php?rest_route=\/wp\/v2\/types\/page"}],"author":[{"embeddable":true,"href":"https:\/\/www.sejonssonsab.se\/index.php?rest_route=\/wp\/v2\/users\/1"}],"replies":[{"embeddable":true,"href":"https:\/\/www.sejonssonsab.se\/index.php?rest_route=%2Fwp%2Fv2%2Fcomments&post=34"}],"version-history":[{"count":8,"href":"https:\/\/www.sejonssonsab.se\/index.php?rest_route=\/wp\/v2\/pages\/34\/revisions"}],"predecessor-version":[{"id":251,"href":"https:\/\/www.sejonssonsab.se\/index.php?rest_route=\/wp\/v2\/pages\/34\/revisions\/251"}],"wp:attachment":[{"href":"https:\/\/www.sejonssonsab.se\/index.php?rest_route=%2Fwp%2Fv2%2Fmedia&parent=34"}],"curies":[{"name":"wp","href":"https:\/\/api.w.org\/{rel}","templated":true}]}}