{"id":5,"date":"2011-10-12T15:17:20","date_gmt":"2011-10-12T15:17:20","guid":{"rendered":"http:\/\/localhost:8888\/sejonssons\/?page_id=5"},"modified":"2026-02-18T08:55:25","modified_gmt":"2026-02-18T07:55:25","slug":"tjanster","status":"publish","type":"page","link":"https:\/\/www.sejonssonsab.se\/?page_id=5","title":{"rendered":"Tj\u00e4nster"},"content":{"rendered":"<p><strong><img loading=\"lazy\" decoding=\"async\" class=\"alignright size-large wp-image-81\" title=\"Kantsl\u00e5tter\" src=\"http:\/\/www.sejonssonsab.se\/wp-content\/uploads\/2011\/10\/0141-1024x678.jpg\" alt=\"\" width=\"584\" height=\"386\" srcset=\"\/wp-content\/uploads\/2011\/10\/0141-1024x678.jpg 1024w, \/wp-content\/uploads\/2011\/10\/0141-300x198.jpg 300w, \/wp-content\/uploads\/2011\/10\/0141-452x300.jpg 452w\" sizes=\"auto, (max-width: 584px) 100vw, 584px\" \/>Vi erbjuder olika tj\u00e4nster som:<\/strong><\/p>\n<p>Bevattning<br \/>\nDikesklippning<br \/>\nH\u00e4ckklippning<br \/>\nLantbruksk\u00f6rslar<br \/>\nLossnings- och lastningshj\u00e4lp<br \/>\nMark- och anl\u00e4ggningsarbeten<br \/>\nMarkberedning<br \/>\nRensning av str\u00e4nder<br \/>\nSiktning av jord- och lermassor<br \/>\nSk\u00f6tsel av gr\u00f6nytor<br \/>\nSn\u00f6- och halkbek\u00e4mpning<br \/>\nSopning av v\u00e4gar<br \/>\nStubbfr\u00e4sning<br \/>\nTr\u00e4df\u00e4llning<br \/>\nV\u00e4gkantssl\u00e5tter<br \/>\nV\u00e4gkantsfr\u00e4sning<\/p>\n","protected":false},"excerpt":{"rendered":"<p>Vi erbjuder olika tj\u00e4nster som: Bevattning Dikesklippning H\u00e4ckklippning Lantbruksk\u00f6rslar Lossnings- och lastningshj\u00e4lp Mark- och anl\u00e4ggningsarbeten Markberedning Rensning av str\u00e4nder Siktning av jord- och lermassor Sk\u00f6tsel av gr\u00f6nytor Sn\u00f6- och halkbek\u00e4mpning Sopning av v\u00e4gar Stubbfr\u00e4sning Tr\u00e4df\u00e4llning V\u00e4gkantssl\u00e5tter V\u00e4gkantsfr\u00e4sning<\/p>\n","protected":false},"author":1,"featured_media":0,"parent":0,"menu_order":0,"comment_status":"open","ping_status":"open","template":"generic-page.php","meta":{"ngg_post_thumbnail":0,"footnotes":""},"class_list":["post-5","page","type-page","status-publish","hentry"],"_links":{"self":[{"href":"https:\/\/www.sejonssonsab.se\/index.php?rest_route=\/wp\/v2\/pages\/5","targetHints":{"allow":["GET"]}}],"collection":[{"href":"https:\/\/www.sejonssonsab.se\/index.php?rest_route=\/wp\/v2\/pages"}],"about":[{"href":"https:\/\/www.sejonssonsab.se\/index.php?rest_route=\/wp\/v2\/types\/page"}],"author":[{"embeddable":true,"href":"https:\/\/www.sejonssonsab.se\/index.php?rest_route=\/wp\/v2\/users\/1"}],"replies":[{"embeddable":true,"href":"https:\/\/www.sejonssonsab.se\/index.php?rest_route=%2Fwp%2Fv2%2Fcomments&post=5"}],"version-history":[{"count":8,"href":"https:\/\/www.sejonssonsab.se\/index.php?rest_route=\/wp\/v2\/pages\/5\/revisions"}],"predecessor-version":[{"id":250,"href":"https:\/\/www.sejonssonsab.se\/index.php?rest_route=\/wp\/v2\/pages\/5\/revisions\/250"}],"wp:attachment":[{"href":"https:\/\/www.sejonssonsab.se\/index.php?rest_route=%2Fwp%2Fv2%2Fmedia&parent=5"}],"curies":[{"name":"wp","href":"https:\/\/api.w.org\/{rel}","templated":true}]}}