{"id":7,"date":"2011-10-12T15:17:33","date_gmt":"2011-10-12T15:17:33","guid":{"rendered":"http:\/\/localhost:8888\/sejonssons\/?page_id=7"},"modified":"2026-02-18T08:59:29","modified_gmt":"2026-02-18T07:59:29","slug":"entreprenad","status":"publish","type":"page","link":"https:\/\/www.sejonssonsab.se\/?page_id=7","title":{"rendered":"Entreprenad"},"content":{"rendered":"<p><strong><img loading=\"lazy\" decoding=\"async\" class=\"alignright size-large wp-image-19\" title=\"H\u00e4ckklipp1\" src=\"http:\/\/www.sejonssonsab.se\/wp-content\/uploads\/2011\/10\/H\u00e4ckklipp1-1024x678.jpg\" alt=\"\" width=\"584\" height=\"386\" srcset=\"\/wp-content\/uploads\/2011\/10\/H\u00e4ckklipp1-1024x678.jpg 1024w, \/wp-content\/uploads\/2011\/10\/H\u00e4ckklipp1-300x198.jpg 300w, \/wp-content\/uploads\/2011\/10\/H\u00e4ckklipp1-452x300.jpg 452w\" sizes=\"auto, (max-width: 584px) 100vw, 584px\" \/>Maskinparken best\u00e5r av<br \/>\n<\/strong><\/p>\n<p>Aebi<br \/>\nHjullastare L35G<br \/>\nHjullastare L60H<br \/>\nHjullastare L70H<br \/>\nHjullastare L90H<br \/>\nHydrema MPV 900<br \/>\nTrumsikt SM 518 Doppstadt med s\u00e5lltrumma<br \/>\nGr\u00e4vmaskin Volvo ECR 88<br \/>\nGr\u00e4vmaskin Volvo ECR 38<\/p>\n<p><strong>Extrautrustning<br \/>\n<\/strong>Slagkraft klippaggregat med motorenhet<br \/>\nHuggare Slagkraft Herder<br \/>\nR\u00e4ckeshuggare Slagkraft Herder<br \/>\nVik- och diagonalplogar i olika storlekar<br \/>\nSaltspridare<br \/>\nSopvals Holms med vattentank<br \/>\nSopskopa Holms med vattentank<br \/>\nGrensax<br \/>\nH\u00e4ckklippare<br \/>\nH\u00f6jdr\u00f6jare<br \/>\nOgr\u00e4sborste<\/p>\n","protected":false},"excerpt":{"rendered":"<p>Maskinparken best\u00e5r av Aebi Hjullastare L35G Hjullastare L60H Hjullastare L70H Hjullastare L90H Hydrema MPV 900 Trumsikt SM 518 Doppstadt med s\u00e5lltrumma Gr\u00e4vmaskin Volvo ECR 88 Gr\u00e4vmaskin Volvo ECR 38 Extrautrustning Slagkraft klippaggregat med motorenhet Huggare Slagkraft Herder R\u00e4ckeshuggare Slagkraft Herder &hellip; <a href=\"https:\/\/www.sejonssonsab.se\/?page_id=7\">Forts\u00e4tt l\u00e4sa <span class=\"meta-nav\">&rarr;<\/span><\/a><\/p>\n","protected":false},"author":1,"featured_media":0,"parent":0,"menu_order":0,"comment_status":"open","ping_status":"open","template":"generic-page.php","meta":{"ngg_post_thumbnail":0,"footnotes":""},"class_list":["post-7","page","type-page","status-publish","hentry"],"_links":{"self":[{"href":"https:\/\/www.sejonssonsab.se\/index.php?rest_route=\/wp\/v2\/pages\/7","targetHints":{"allow":["GET"]}}],"collection":[{"href":"https:\/\/www.sejonssonsab.se\/index.php?rest_route=\/wp\/v2\/pages"}],"about":[{"href":"https:\/\/www.sejonssonsab.se\/index.php?rest_route=\/wp\/v2\/types\/page"}],"author":[{"embeddable":true,"href":"https:\/\/www.sejonssonsab.se\/index.php?rest_route=\/wp\/v2\/users\/1"}],"replies":[{"embeddable":true,"href":"https:\/\/www.sejonssonsab.se\/index.php?rest_route=%2Fwp%2Fv2%2Fcomments&post=7"}],"version-history":[{"count":23,"href":"https:\/\/www.sejonssonsab.se\/index.php?rest_route=\/wp\/v2\/pages\/7\/revisions"}],"predecessor-version":[{"id":255,"href":"https:\/\/www.sejonssonsab.se\/index.php?rest_route=\/wp\/v2\/pages\/7\/revisions\/255"}],"wp:attachment":[{"href":"https:\/\/www.sejonssonsab.se\/index.php?rest_route=%2Fwp%2Fv2%2Fmedia&parent=7"}],"curies":[{"name":"wp","href":"https:\/\/api.w.org\/{rel}","templated":true}]}}